{"id":2751,"date":"2021-08-03T18:52:27","date_gmt":"2021-08-03T15:52:27","guid":{"rendered":"https:\/\/bodegio.com\/producers\/chateau-haut-guillebot\/"},"modified":"2021-08-03T18:52:28","modified_gmt":"2021-08-03T15:52:28","slug":"chateau-haut-guillebot","status":"publish","type":"page","link":"https:\/\/bodegio.com\/en\/producers\/chateau-haut-guillebot\/","title":{"rendered":"Ch\u00e2teau Haut Guillebot"},"content":{"rendered":"<div class=\"wpb-content-wrapper\">[vc_row css=&#8221;.vc_custom_1625428342612{padding-top: 20px !important;padding-bottom: 10px !important;}&#8221;][vc_column][vc_single_image image=&#8221;2624&#8243; img_size=&#8221;full&#8221; alignment=&#8221;center&#8221;][\/vc_column][\/vc_row][vc_row gap=&#8221;15&#8243;][vc_column width=&#8221;7\/12&#8243;][vc_column_text]\n<h2>Ch\u00e2teau Haut Guillebot<\/h2>\n<p>Seven generations of passion &amp; Knowledge! This family estate has been passed down from generation to generation since 1790.\u00a0 Ch\u00e2teau Haut Guillebot produces red, white and ros\u00e9 Bordeaux Wines, with two brands, Ch\u00e2teau Haut Guillebot &amp; Ch\u00e2teau Montet.<\/p>\n<p><img loading=\"lazy\" decoding=\"async\" class=\"wp-image-2686 alignright\" src=\"https:\/\/bodegio.com\/wp-content\/uploads\/2021\/08\/map-2.png\" alt=\"\" width=\"250\" height=\"246\" srcset=\"https:\/\/bodegio.com\/wp-content\/uploads\/2021\/08\/map-2.png 420w, https:\/\/bodegio.com\/wp-content\/uploads\/2021\/08\/map-2-300x295.png 300w, https:\/\/bodegio.com\/wp-content\/uploads\/2021\/08\/map-2-150x148.png 150w\" sizes=\"(max-width: 250px) 100vw, 250px\" \/><\/p>\n<p>This transfer of know-how and passion has been made by women to women for 7 generations. Over the years, each of them has improved the production and extended the Estate.<\/p>\n<p>&nbsp;<\/p>\n<p>Marie Christine, current owner, has succeeded her mother, Eveline in 2006. The domain counts today 57 hectares of vines and produces fine and elegant Bordeaux style wines.[\/vc_column_text][\/vc_column][vc_column width=&#8221;5\/12&#8243;][vc_gallery type=&#8221;image_grid&#8221; images=&#8221;2626,2628,2746,2748&#8243; img_size=&#8221;200&#215;200&#8243;][\/vc_column][\/vc_row]\n<\/div>","protected":false},"excerpt":{"rendered":"<p>[vc_row css=&#8221;.vc_custom_1625428342612{padding-top: 20px !important;padding-bottom: 10px !important;}&#8221;][vc_column][vc_single_image image=&#8221;2624&#8243; img_size=&#8221;full&#8221; alignment=&#8221;center&#8221;][\/vc_column][\/vc_row][vc_row gap=&#8221;15&#8243;][vc_column width=&#8221;7\/12&#8243;][vc_column_text] Ch\u00e2teau Haut Guillebot Seven generations of passion &amp; Knowledge! This family estate has been passed down from generation to generation since 1790.\u00a0 Ch\u00e2teau Haut Guillebot produces red, white and ros\u00e9 Bordeaux Wines, with two brands, Ch\u00e2teau Haut Guillebot &amp;<\/p>\n","protected":false},"author":1,"featured_media":0,"parent":2735,"menu_order":4,"comment_status":"closed","ping_status":"closed","template":"page-templates\/about-page.php","meta":{"footnotes":""},"class_list":["post-2751","page","type-page","status-publish","hentry"],"yoast_head":"<!-- This site is optimized with the Yoast SEO plugin v24.0 - https:\/\/yoast.com\/wordpress\/plugins\/seo\/ -->\n<title>Ch\u00e2teau Haut Guillebot - Bodegio Wines<\/title>\n<meta name=\"robots\" content=\"index, follow, max-snippet:-1, max-image-preview:large, max-video-preview:-1\" \/>\n<link rel=\"canonical\" href=\"https:\/\/bodegio.com\/tuottajat\/chateau-haut-guillebot\/\" \/>\n<meta property=\"og:locale\" content=\"en_US\" \/>\n<meta property=\"og:type\" content=\"article\" \/>\n<meta property=\"og:title\" content=\"Ch\u00e2teau Haut Guillebot - Bodegio Wines\" \/>\n<meta property=\"og:description\" content=\"[vc_row css=&#8221;.vc_custom_1625428342612{padding-top: 20px !important;padding-bottom: 10px !important;}&#8221;][vc_column][vc_single_image image=&#8221;2624&#8243; img_size=&#8221;full&#8221; alignment=&#8221;center&#8221;][\/vc_column][\/vc_row][vc_row gap=&#8221;15&#8243;][vc_column width=&#8221;7\/12&#8243;][vc_column_text] Ch\u00e2teau Haut Guillebot Seven generations of passion &amp; Knowledge! This family estate has been passed down from generation to generation since 1790.\u00a0 Ch\u00e2teau Haut Guillebot produces red, white and ros\u00e9 Bordeaux Wines, with two brands, Ch\u00e2teau Haut Guillebot &amp;\" \/>\n<meta property=\"og:url\" content=\"https:\/\/bodegio.com\/tuottajat\/chateau-haut-guillebot\/\" \/>\n<meta property=\"og:site_name\" content=\"Bodegio Wines\" \/>\n<meta property=\"article:publisher\" content=\"https:\/\/www.facebook.com\/bodegio\/\" \/>\n<meta property=\"article:modified_time\" content=\"2021-08-03T15:52:28+00:00\" \/>\n<meta property=\"og:image\" content=\"https:\/\/bodegio.com\/wp-content\/uploads\/2021\/08\/map-2.png\" \/>\n<meta name=\"twitter:card\" content=\"summary_large_image\" \/>\n<meta name=\"twitter:label1\" content=\"Est. reading time\" \/>\n\t<meta name=\"twitter:data1\" content=\"1 minute\" \/>\n<script type=\"application\/ld+json\" class=\"yoast-schema-graph\">{\"@context\":\"https:\/\/schema.org\",\"@graph\":[{\"@type\":\"WebPage\",\"@id\":\"https:\/\/bodegio.com\/tuottajat\/chateau-haut-guillebot\/\",\"url\":\"https:\/\/bodegio.com\/tuottajat\/chateau-haut-guillebot\/\",\"name\":\"Ch\u00e2teau Haut Guillebot - Bodegio Wines\",\"isPartOf\":{\"@id\":\"https:\/\/bodegio.com\/#website\"},\"primaryImageOfPage\":{\"@id\":\"https:\/\/bodegio.com\/tuottajat\/chateau-haut-guillebot\/#primaryimage\"},\"image\":{\"@id\":\"https:\/\/bodegio.com\/tuottajat\/chateau-haut-guillebot\/#primaryimage\"},\"thumbnailUrl\":\"https:\/\/bodegio.com\/wp-content\/uploads\/2021\/08\/map-2.png\",\"datePublished\":\"2021-08-03T15:52:27+00:00\",\"dateModified\":\"2021-08-03T15:52:28+00:00\",\"breadcrumb\":{\"@id\":\"https:\/\/bodegio.com\/tuottajat\/chateau-haut-guillebot\/#breadcrumb\"},\"inLanguage\":\"en-US\",\"potentialAction\":[{\"@type\":\"ReadAction\",\"target\":[\"https:\/\/bodegio.com\/tuottajat\/chateau-haut-guillebot\/\"]}]},{\"@type\":\"ImageObject\",\"inLanguage\":\"en-US\",\"@id\":\"https:\/\/bodegio.com\/tuottajat\/chateau-haut-guillebot\/#primaryimage\",\"url\":\"https:\/\/bodegio.com\/wp-content\/uploads\/2021\/08\/map-2.png\",\"contentUrl\":\"https:\/\/bodegio.com\/wp-content\/uploads\/2021\/08\/map-2.png\"},{\"@type\":\"BreadcrumbList\",\"@id\":\"https:\/\/bodegio.com\/tuottajat\/chateau-haut-guillebot\/#breadcrumb\",\"itemListElement\":[{\"@type\":\"ListItem\",\"position\":1,\"name\":\"Home\",\"item\":\"https:\/\/bodegio.com\/en\/\"},{\"@type\":\"ListItem\",\"position\":2,\"name\":\"Producers\",\"item\":\"https:\/\/bodegio.com\/tuottajat\/\"},{\"@type\":\"ListItem\",\"position\":3,\"name\":\"Ch\u00e2teau Haut Guillebot\"}]},{\"@type\":\"WebSite\",\"@id\":\"https:\/\/bodegio.com\/#website\",\"url\":\"https:\/\/bodegio.com\/\",\"name\":\"Bodegio Wines\",\"description\":\"Ihan uusi WordPress-sivusto\",\"publisher\":{\"@id\":\"https:\/\/bodegio.com\/#organization\"},\"potentialAction\":[{\"@type\":\"SearchAction\",\"target\":{\"@type\":\"EntryPoint\",\"urlTemplate\":\"https:\/\/bodegio.com\/?s={search_term_string}\"},\"query-input\":{\"@type\":\"PropertyValueSpecification\",\"valueRequired\":true,\"valueName\":\"search_term_string\"}}],\"inLanguage\":\"en-US\"},{\"@type\":\"Organization\",\"@id\":\"https:\/\/bodegio.com\/#organization\",\"name\":\"Bodegio Wines\",\"url\":\"https:\/\/bodegio.com\/\",\"logo\":{\"@type\":\"ImageObject\",\"inLanguage\":\"en-US\",\"@id\":\"https:\/\/bodegio.com\/#\/schema\/logo\/image\/\",\"url\":\"https:\/\/bodegio.com\/wp-content\/uploads\/2018\/11\/logo-1.png\",\"contentUrl\":\"https:\/\/bodegio.com\/wp-content\/uploads\/2018\/11\/logo-1.png\",\"width\":300,\"height\":300,\"caption\":\"Bodegio Wines\"},\"image\":{\"@id\":\"https:\/\/bodegio.com\/#\/schema\/logo\/image\/\"},\"sameAs\":[\"https:\/\/www.facebook.com\/bodegio\/\",\"https:\/\/www.instagram.com\/bodegiowines\/\"]}]}<\/script>\n<!-- \/ Yoast SEO plugin. -->","yoast_head_json":{"title":"Ch\u00e2teau Haut Guillebot - Bodegio Wines","robots":{"index":"index","follow":"follow","max-snippet":"max-snippet:-1","max-image-preview":"max-image-preview:large","max-video-preview":"max-video-preview:-1"},"canonical":"https:\/\/bodegio.com\/tuottajat\/chateau-haut-guillebot\/","og_locale":"en_US","og_type":"article","og_title":"Ch\u00e2teau Haut Guillebot - Bodegio Wines","og_description":"[vc_row css=&#8221;.vc_custom_1625428342612{padding-top: 20px !important;padding-bottom: 10px !important;}&#8221;][vc_column][vc_single_image image=&#8221;2624&#8243; img_size=&#8221;full&#8221; alignment=&#8221;center&#8221;][\/vc_column][\/vc_row][vc_row gap=&#8221;15&#8243;][vc_column width=&#8221;7\/12&#8243;][vc_column_text] Ch\u00e2teau Haut Guillebot Seven generations of passion &amp; Knowledge! This family estate has been passed down from generation to generation since 1790.\u00a0 Ch\u00e2teau Haut Guillebot produces red, white and ros\u00e9 Bordeaux Wines, with two brands, Ch\u00e2teau Haut Guillebot &amp;","og_url":"https:\/\/bodegio.com\/tuottajat\/chateau-haut-guillebot\/","og_site_name":"Bodegio Wines","article_publisher":"https:\/\/www.facebook.com\/bodegio\/","article_modified_time":"2021-08-03T15:52:28+00:00","og_image":[{"url":"https:\/\/bodegio.com\/wp-content\/uploads\/2021\/08\/map-2.png","type":"","width":"","height":""}],"twitter_card":"summary_large_image","twitter_misc":{"Est. reading time":"1 minute"},"schema":{"@context":"https:\/\/schema.org","@graph":[{"@type":"WebPage","@id":"https:\/\/bodegio.com\/tuottajat\/chateau-haut-guillebot\/","url":"https:\/\/bodegio.com\/tuottajat\/chateau-haut-guillebot\/","name":"Ch\u00e2teau Haut Guillebot - Bodegio Wines","isPartOf":{"@id":"https:\/\/bodegio.com\/#website"},"primaryImageOfPage":{"@id":"https:\/\/bodegio.com\/tuottajat\/chateau-haut-guillebot\/#primaryimage"},"image":{"@id":"https:\/\/bodegio.com\/tuottajat\/chateau-haut-guillebot\/#primaryimage"},"thumbnailUrl":"https:\/\/bodegio.com\/wp-content\/uploads\/2021\/08\/map-2.png","datePublished":"2021-08-03T15:52:27+00:00","dateModified":"2021-08-03T15:52:28+00:00","breadcrumb":{"@id":"https:\/\/bodegio.com\/tuottajat\/chateau-haut-guillebot\/#breadcrumb"},"inLanguage":"en-US","potentialAction":[{"@type":"ReadAction","target":["https:\/\/bodegio.com\/tuottajat\/chateau-haut-guillebot\/"]}]},{"@type":"ImageObject","inLanguage":"en-US","@id":"https:\/\/bodegio.com\/tuottajat\/chateau-haut-guillebot\/#primaryimage","url":"https:\/\/bodegio.com\/wp-content\/uploads\/2021\/08\/map-2.png","contentUrl":"https:\/\/bodegio.com\/wp-content\/uploads\/2021\/08\/map-2.png"},{"@type":"BreadcrumbList","@id":"https:\/\/bodegio.com\/tuottajat\/chateau-haut-guillebot\/#breadcrumb","itemListElement":[{"@type":"ListItem","position":1,"name":"Home","item":"https:\/\/bodegio.com\/en\/"},{"@type":"ListItem","position":2,"name":"Producers","item":"https:\/\/bodegio.com\/tuottajat\/"},{"@type":"ListItem","position":3,"name":"Ch\u00e2teau Haut Guillebot"}]},{"@type":"WebSite","@id":"https:\/\/bodegio.com\/#website","url":"https:\/\/bodegio.com\/","name":"Bodegio Wines","description":"Ihan uusi WordPress-sivusto","publisher":{"@id":"https:\/\/bodegio.com\/#organization"},"potentialAction":[{"@type":"SearchAction","target":{"@type":"EntryPoint","urlTemplate":"https:\/\/bodegio.com\/?s={search_term_string}"},"query-input":{"@type":"PropertyValueSpecification","valueRequired":true,"valueName":"search_term_string"}}],"inLanguage":"en-US"},{"@type":"Organization","@id":"https:\/\/bodegio.com\/#organization","name":"Bodegio Wines","url":"https:\/\/bodegio.com\/","logo":{"@type":"ImageObject","inLanguage":"en-US","@id":"https:\/\/bodegio.com\/#\/schema\/logo\/image\/","url":"https:\/\/bodegio.com\/wp-content\/uploads\/2018\/11\/logo-1.png","contentUrl":"https:\/\/bodegio.com\/wp-content\/uploads\/2018\/11\/logo-1.png","width":300,"height":300,"caption":"Bodegio Wines"},"image":{"@id":"https:\/\/bodegio.com\/#\/schema\/logo\/image\/"},"sameAs":["https:\/\/www.facebook.com\/bodegio\/","https:\/\/www.instagram.com\/bodegiowines\/"]}]}},"_links":{"self":[{"href":"https:\/\/bodegio.com\/en\/wp-json\/wp\/v2\/pages\/2751"}],"collection":[{"href":"https:\/\/bodegio.com\/en\/wp-json\/wp\/v2\/pages"}],"about":[{"href":"https:\/\/bodegio.com\/en\/wp-json\/wp\/v2\/types\/page"}],"author":[{"embeddable":true,"href":"https:\/\/bodegio.com\/en\/wp-json\/wp\/v2\/users\/1"}],"replies":[{"embeddable":true,"href":"https:\/\/bodegio.com\/en\/wp-json\/wp\/v2\/comments?post=2751"}],"version-history":[{"count":2,"href":"https:\/\/bodegio.com\/en\/wp-json\/wp\/v2\/pages\/2751\/revisions"}],"predecessor-version":[{"id":2753,"href":"https:\/\/bodegio.com\/en\/wp-json\/wp\/v2\/pages\/2751\/revisions\/2753"}],"up":[{"embeddable":true,"href":"https:\/\/bodegio.com\/en\/wp-json\/wp\/v2\/pages\/2735"}],"wp:attachment":[{"href":"https:\/\/bodegio.com\/en\/wp-json\/wp\/v2\/media?parent=2751"}],"curies":[{"name":"wp","href":"https:\/\/api.w.org\/{rel}","templated":true}]}}