{"id":2754,"date":"2021-08-03T18:54:27","date_gmt":"2021-08-03T15:54:27","guid":{"rendered":"https:\/\/bodegio.com\/producers\/chateau-haut-blanville\/"},"modified":"2021-08-03T18:54:28","modified_gmt":"2021-08-03T15:54:28","slug":"chateau-haut-blanville","status":"publish","type":"page","link":"https:\/\/bodegio.com\/en\/producers\/chateau-haut-blanville\/","title":{"rendered":"Ch\u00e2teau Haut-Blanville"},"content":{"rendered":"<div class=\"wpb-content-wrapper\">[vc_row css=&#8221;.vc_custom_1625428342612{padding-top: 20px !important;padding-bottom: 10px !important;}&#8221;][vc_column][vc_single_image image=&#8221;2619&#8243; img_size=&#8221;full&#8221; alignment=&#8221;center&#8221;][\/vc_column][\/vc_row][vc_row gap=&#8221;15&#8243;][vc_column width=&#8221;7\/12&#8243;][vc_column_text]\n<h2>Ch\u00e2teau Haut-Blanville<\/h2>\n<p>The story of Ch\u00e2teau Haut-Blanville begins in 1995, when Parisian couple Bernard and B\u00e9atrice Nivollet decided to change their life and become vine growers. The family of four children moved to south France and the journey began. To make the dream come true, they decided not to buy an existing Domaine but rather to create own Wine Estate, parcel by parcel.<\/p>\n<p><img loading=\"lazy\" decoding=\"async\" class=\"wp-image-2609 alignright\" src=\"https:\/\/bodegio.com\/wp-content\/uploads\/2021\/07\/Blanville-map.png\" alt=\"\" width=\"250\" height=\"193\" srcset=\"https:\/\/bodegio.com\/wp-content\/uploads\/2021\/07\/Blanville-map.png 550w, https:\/\/bodegio.com\/wp-content\/uploads\/2021\/07\/Blanville-map-300x232.png 300w, https:\/\/bodegio.com\/wp-content\/uploads\/2021\/07\/Blanville-map-150x116.png 150w\" sizes=\"(max-width: 250px) 100vw, 250px\" \/><\/p>\n<p>The idea was to have Burgundy style winery with \u201cClimat\u201d model. The first suitable parcel was found 1997 and the first Ch\u00e2teau Haut-Blanville vintage was 1998.<\/p>\n<p>Today Ch\u00e2teau Haut-Blanville produces wide selection of varieties, typical for Languedoc region and has gained significant recognition of the high quality. All wines are vegan and the viticulture is carried out with a focus on natural methods. The winery is HVE (Haute Valeur Environmentale) certified.<\/p>\n<p><a href=\"http:\/\/www.blanville.com\" target=\"_blank\" rel=\"noopener noreferrer\">www.blanville.com<\/a>[\/vc_column_text][\/vc_column][vc_column width=&#8221;5\/12&#8243;][vc_gallery type=&#8221;image_grid&#8221; images=&#8221;2611,2613,2615,2617&#8243; img_size=&#8221;200&#215;200&#8243;][\/vc_column][\/vc_row]\n<\/div>","protected":false},"excerpt":{"rendered":"<p>[vc_row css=&#8221;.vc_custom_1625428342612{padding-top: 20px !important;padding-bottom: 10px !important;}&#8221;][vc_column][vc_single_image image=&#8221;2619&#8243; img_size=&#8221;full&#8221; alignment=&#8221;center&#8221;][\/vc_column][\/vc_row][vc_row gap=&#8221;15&#8243;][vc_column width=&#8221;7\/12&#8243;][vc_column_text] Ch\u00e2teau Haut-Blanville The story of Ch\u00e2teau Haut-Blanville begins in 1995, when Parisian couple Bernard and B\u00e9atrice Nivollet decided to change their life and become vine growers. The family of four children moved to south France and the journey began.<\/p>\n","protected":false},"author":1,"featured_media":0,"parent":2735,"menu_order":3,"comment_status":"closed","ping_status":"closed","template":"page-templates\/about-page.php","meta":{"footnotes":""},"class_list":["post-2754","page","type-page","status-publish","hentry"],"yoast_head":"<!-- This site is optimized with the Yoast SEO plugin v24.0 - https:\/\/yoast.com\/wordpress\/plugins\/seo\/ -->\n<title>Ch\u00e2teau Haut-Blanville - Bodegio Wines<\/title>\n<meta name=\"robots\" content=\"index, follow, max-snippet:-1, max-image-preview:large, max-video-preview:-1\" \/>\n<link rel=\"canonical\" href=\"https:\/\/bodegio.com\/tuottajat\/chateau-haut-blanville\/\" \/>\n<meta property=\"og:locale\" content=\"en_US\" \/>\n<meta property=\"og:type\" content=\"article\" \/>\n<meta property=\"og:title\" content=\"Ch\u00e2teau Haut-Blanville - Bodegio Wines\" \/>\n<meta property=\"og:description\" content=\"[vc_row css=&#8221;.vc_custom_1625428342612{padding-top: 20px !important;padding-bottom: 10px !important;}&#8221;][vc_column][vc_single_image image=&#8221;2619&#8243; img_size=&#8221;full&#8221; alignment=&#8221;center&#8221;][\/vc_column][\/vc_row][vc_row gap=&#8221;15&#8243;][vc_column width=&#8221;7\/12&#8243;][vc_column_text] Ch\u00e2teau Haut-Blanville The story of Ch\u00e2teau Haut-Blanville begins in 1995, when Parisian couple Bernard and B\u00e9atrice Nivollet decided to change their life and become vine growers. The family of four children moved to south France and the journey began.\" \/>\n<meta property=\"og:url\" content=\"https:\/\/bodegio.com\/tuottajat\/chateau-haut-blanville\/\" \/>\n<meta property=\"og:site_name\" content=\"Bodegio Wines\" \/>\n<meta property=\"article:publisher\" content=\"https:\/\/www.facebook.com\/bodegio\/\" \/>\n<meta property=\"article:modified_time\" content=\"2021-08-03T15:54:28+00:00\" \/>\n<meta property=\"og:image\" content=\"https:\/\/bodegio.com\/wp-content\/uploads\/2021\/07\/Blanville-map.png\" \/>\n<meta name=\"twitter:card\" content=\"summary_large_image\" \/>\n<meta name=\"twitter:label1\" content=\"Est. reading time\" \/>\n\t<meta name=\"twitter:data1\" content=\"1 minute\" \/>\n<script type=\"application\/ld+json\" class=\"yoast-schema-graph\">{\"@context\":\"https:\/\/schema.org\",\"@graph\":[{\"@type\":\"WebPage\",\"@id\":\"https:\/\/bodegio.com\/tuottajat\/chateau-haut-blanville\/\",\"url\":\"https:\/\/bodegio.com\/tuottajat\/chateau-haut-blanville\/\",\"name\":\"Ch\u00e2teau Haut-Blanville - Bodegio Wines\",\"isPartOf\":{\"@id\":\"https:\/\/bodegio.com\/#website\"},\"primaryImageOfPage\":{\"@id\":\"https:\/\/bodegio.com\/tuottajat\/chateau-haut-blanville\/#primaryimage\"},\"image\":{\"@id\":\"https:\/\/bodegio.com\/tuottajat\/chateau-haut-blanville\/#primaryimage\"},\"thumbnailUrl\":\"https:\/\/bodegio.com\/wp-content\/uploads\/2021\/07\/Blanville-map.png\",\"datePublished\":\"2021-08-03T15:54:27+00:00\",\"dateModified\":\"2021-08-03T15:54:28+00:00\",\"breadcrumb\":{\"@id\":\"https:\/\/bodegio.com\/tuottajat\/chateau-haut-blanville\/#breadcrumb\"},\"inLanguage\":\"en-US\",\"potentialAction\":[{\"@type\":\"ReadAction\",\"target\":[\"https:\/\/bodegio.com\/tuottajat\/chateau-haut-blanville\/\"]}]},{\"@type\":\"ImageObject\",\"inLanguage\":\"en-US\",\"@id\":\"https:\/\/bodegio.com\/tuottajat\/chateau-haut-blanville\/#primaryimage\",\"url\":\"https:\/\/bodegio.com\/wp-content\/uploads\/2021\/07\/Blanville-map.png\",\"contentUrl\":\"https:\/\/bodegio.com\/wp-content\/uploads\/2021\/07\/Blanville-map.png\"},{\"@type\":\"BreadcrumbList\",\"@id\":\"https:\/\/bodegio.com\/tuottajat\/chateau-haut-blanville\/#breadcrumb\",\"itemListElement\":[{\"@type\":\"ListItem\",\"position\":1,\"name\":\"Home\",\"item\":\"https:\/\/bodegio.com\/en\/\"},{\"@type\":\"ListItem\",\"position\":2,\"name\":\"Producers\",\"item\":\"https:\/\/bodegio.com\/tuottajat\/\"},{\"@type\":\"ListItem\",\"position\":3,\"name\":\"Ch\u00e2teau Haut-Blanville\"}]},{\"@type\":\"WebSite\",\"@id\":\"https:\/\/bodegio.com\/#website\",\"url\":\"https:\/\/bodegio.com\/\",\"name\":\"Bodegio Wines\",\"description\":\"Ihan uusi WordPress-sivusto\",\"publisher\":{\"@id\":\"https:\/\/bodegio.com\/#organization\"},\"potentialAction\":[{\"@type\":\"SearchAction\",\"target\":{\"@type\":\"EntryPoint\",\"urlTemplate\":\"https:\/\/bodegio.com\/?s={search_term_string}\"},\"query-input\":{\"@type\":\"PropertyValueSpecification\",\"valueRequired\":true,\"valueName\":\"search_term_string\"}}],\"inLanguage\":\"en-US\"},{\"@type\":\"Organization\",\"@id\":\"https:\/\/bodegio.com\/#organization\",\"name\":\"Bodegio Wines\",\"url\":\"https:\/\/bodegio.com\/\",\"logo\":{\"@type\":\"ImageObject\",\"inLanguage\":\"en-US\",\"@id\":\"https:\/\/bodegio.com\/#\/schema\/logo\/image\/\",\"url\":\"https:\/\/bodegio.com\/wp-content\/uploads\/2018\/11\/logo-1.png\",\"contentUrl\":\"https:\/\/bodegio.com\/wp-content\/uploads\/2018\/11\/logo-1.png\",\"width\":300,\"height\":300,\"caption\":\"Bodegio Wines\"},\"image\":{\"@id\":\"https:\/\/bodegio.com\/#\/schema\/logo\/image\/\"},\"sameAs\":[\"https:\/\/www.facebook.com\/bodegio\/\",\"https:\/\/www.instagram.com\/bodegiowines\/\"]}]}<\/script>\n<!-- \/ Yoast SEO plugin. -->","yoast_head_json":{"title":"Ch\u00e2teau Haut-Blanville - Bodegio Wines","robots":{"index":"index","follow":"follow","max-snippet":"max-snippet:-1","max-image-preview":"max-image-preview:large","max-video-preview":"max-video-preview:-1"},"canonical":"https:\/\/bodegio.com\/tuottajat\/chateau-haut-blanville\/","og_locale":"en_US","og_type":"article","og_title":"Ch\u00e2teau Haut-Blanville - Bodegio Wines","og_description":"[vc_row css=&#8221;.vc_custom_1625428342612{padding-top: 20px !important;padding-bottom: 10px !important;}&#8221;][vc_column][vc_single_image image=&#8221;2619&#8243; img_size=&#8221;full&#8221; alignment=&#8221;center&#8221;][\/vc_column][\/vc_row][vc_row gap=&#8221;15&#8243;][vc_column width=&#8221;7\/12&#8243;][vc_column_text] Ch\u00e2teau Haut-Blanville The story of Ch\u00e2teau Haut-Blanville begins in 1995, when Parisian couple Bernard and B\u00e9atrice Nivollet decided to change their life and become vine growers. The family of four children moved to south France and the journey began.","og_url":"https:\/\/bodegio.com\/tuottajat\/chateau-haut-blanville\/","og_site_name":"Bodegio Wines","article_publisher":"https:\/\/www.facebook.com\/bodegio\/","article_modified_time":"2021-08-03T15:54:28+00:00","og_image":[{"url":"https:\/\/bodegio.com\/wp-content\/uploads\/2021\/07\/Blanville-map.png","type":"","width":"","height":""}],"twitter_card":"summary_large_image","twitter_misc":{"Est. reading time":"1 minute"},"schema":{"@context":"https:\/\/schema.org","@graph":[{"@type":"WebPage","@id":"https:\/\/bodegio.com\/tuottajat\/chateau-haut-blanville\/","url":"https:\/\/bodegio.com\/tuottajat\/chateau-haut-blanville\/","name":"Ch\u00e2teau Haut-Blanville - Bodegio Wines","isPartOf":{"@id":"https:\/\/bodegio.com\/#website"},"primaryImageOfPage":{"@id":"https:\/\/bodegio.com\/tuottajat\/chateau-haut-blanville\/#primaryimage"},"image":{"@id":"https:\/\/bodegio.com\/tuottajat\/chateau-haut-blanville\/#primaryimage"},"thumbnailUrl":"https:\/\/bodegio.com\/wp-content\/uploads\/2021\/07\/Blanville-map.png","datePublished":"2021-08-03T15:54:27+00:00","dateModified":"2021-08-03T15:54:28+00:00","breadcrumb":{"@id":"https:\/\/bodegio.com\/tuottajat\/chateau-haut-blanville\/#breadcrumb"},"inLanguage":"en-US","potentialAction":[{"@type":"ReadAction","target":["https:\/\/bodegio.com\/tuottajat\/chateau-haut-blanville\/"]}]},{"@type":"ImageObject","inLanguage":"en-US","@id":"https:\/\/bodegio.com\/tuottajat\/chateau-haut-blanville\/#primaryimage","url":"https:\/\/bodegio.com\/wp-content\/uploads\/2021\/07\/Blanville-map.png","contentUrl":"https:\/\/bodegio.com\/wp-content\/uploads\/2021\/07\/Blanville-map.png"},{"@type":"BreadcrumbList","@id":"https:\/\/bodegio.com\/tuottajat\/chateau-haut-blanville\/#breadcrumb","itemListElement":[{"@type":"ListItem","position":1,"name":"Home","item":"https:\/\/bodegio.com\/en\/"},{"@type":"ListItem","position":2,"name":"Producers","item":"https:\/\/bodegio.com\/tuottajat\/"},{"@type":"ListItem","position":3,"name":"Ch\u00e2teau Haut-Blanville"}]},{"@type":"WebSite","@id":"https:\/\/bodegio.com\/#website","url":"https:\/\/bodegio.com\/","name":"Bodegio Wines","description":"Ihan uusi WordPress-sivusto","publisher":{"@id":"https:\/\/bodegio.com\/#organization"},"potentialAction":[{"@type":"SearchAction","target":{"@type":"EntryPoint","urlTemplate":"https:\/\/bodegio.com\/?s={search_term_string}"},"query-input":{"@type":"PropertyValueSpecification","valueRequired":true,"valueName":"search_term_string"}}],"inLanguage":"en-US"},{"@type":"Organization","@id":"https:\/\/bodegio.com\/#organization","name":"Bodegio Wines","url":"https:\/\/bodegio.com\/","logo":{"@type":"ImageObject","inLanguage":"en-US","@id":"https:\/\/bodegio.com\/#\/schema\/logo\/image\/","url":"https:\/\/bodegio.com\/wp-content\/uploads\/2018\/11\/logo-1.png","contentUrl":"https:\/\/bodegio.com\/wp-content\/uploads\/2018\/11\/logo-1.png","width":300,"height":300,"caption":"Bodegio Wines"},"image":{"@id":"https:\/\/bodegio.com\/#\/schema\/logo\/image\/"},"sameAs":["https:\/\/www.facebook.com\/bodegio\/","https:\/\/www.instagram.com\/bodegiowines\/"]}]}},"_links":{"self":[{"href":"https:\/\/bodegio.com\/en\/wp-json\/wp\/v2\/pages\/2754"}],"collection":[{"href":"https:\/\/bodegio.com\/en\/wp-json\/wp\/v2\/pages"}],"about":[{"href":"https:\/\/bodegio.com\/en\/wp-json\/wp\/v2\/types\/page"}],"author":[{"embeddable":true,"href":"https:\/\/bodegio.com\/en\/wp-json\/wp\/v2\/users\/1"}],"replies":[{"embeddable":true,"href":"https:\/\/bodegio.com\/en\/wp-json\/wp\/v2\/comments?post=2754"}],"version-history":[{"count":2,"href":"https:\/\/bodegio.com\/en\/wp-json\/wp\/v2\/pages\/2754\/revisions"}],"predecessor-version":[{"id":2756,"href":"https:\/\/bodegio.com\/en\/wp-json\/wp\/v2\/pages\/2754\/revisions\/2756"}],"up":[{"embeddable":true,"href":"https:\/\/bodegio.com\/en\/wp-json\/wp\/v2\/pages\/2735"}],"wp:attachment":[{"href":"https:\/\/bodegio.com\/en\/wp-json\/wp\/v2\/media?parent=2754"}],"curies":[{"name":"wp","href":"https:\/\/api.w.org\/{rel}","templated":true}]}}